{"id":24,"date":"2025-11-03T11:51:50","date_gmt":"2025-11-03T11:51:50","guid":{"rendered":"https:\/\/rapude.fi\/?page_id=24"},"modified":"2025-11-03T11:51:50","modified_gmt":"2025-11-03T11:51:50","slug":"road-work-ahead","status":"publish","type":"page","link":"https:\/\/rapude.fi\/","title":{"rendered":"ROAD WORK AHEAD"},"content":{"rendered":"<section class=\"bde-section-24-100 bde-section\">\n  \n  \n\t\n\n\n\n<div class=\"section-container\"><h1 id=\"hero-home__h1\" class=\"bde-heading-24-101 bde-heading\">\nMorjens! Meil o t\u00e4\u00e4l vi\u00e4l remppa keske!\n<\/h1><div class=\"bde-text-24-102 bde-text\">\nJos sul kummiski o kiireellist assja, ota tost yhteyt s\u00e4hk\u00f6postil.\n<\/div><div class=\"bde-button-24-103 bde-button\">\n    \n                        \n                        \n    \n    \n    \n    \n            \n                    \n            \n            \n\n    \n    \n    \n    \n    \n    <a class=\"breakdance-link button-atom button-atom--custom bde-button__button\" href=\"mailto:klaus.rapude@gmail.com\" target=\"_self\" data-type=\"url\"  >\n\n    \n        <span class=\"button-atom__text\">Lait postii!<\/span>\n\n        \n        \n                <\/a>\n\n    \n\n\n<\/div><\/div>\n<\/section>","protected":false},"excerpt":{"rendered":"<p>Morjens! Meil o t\u00e4\u00e4l vi\u00e4l remppa keske! Jos sul kummiski o kiireellist assja, ota tost yhteyt s\u00e4hk\u00f6postil. Lait postii!<\/p>\n","protected":false},"author":2,"featured_media":0,"parent":0,"menu_order":0,"comment_status":"closed","ping_status":"closed","template":"","meta":{"_breakdance_hide_in_design_set":false,"_breakdance_tags":"","footnotes":""},"class_list":["post-24","page","type-page","status-publish","hentry"],"_links":{"self":[{"href":"https:\/\/rapude.fi\/index.php\/wp-json\/wp\/v2\/pages\/24","targetHints":{"allow":["GET"]}}],"collection":[{"href":"https:\/\/rapude.fi\/index.php\/wp-json\/wp\/v2\/pages"}],"about":[{"href":"https:\/\/rapude.fi\/index.php\/wp-json\/wp\/v2\/types\/page"}],"author":[{"embeddable":true,"href":"https:\/\/rapude.fi\/index.php\/wp-json\/wp\/v2\/users\/2"}],"replies":[{"embeddable":true,"href":"https:\/\/rapude.fi\/index.php\/wp-json\/wp\/v2\/comments?post=24"}],"version-history":[{"count":5,"href":"https:\/\/rapude.fi\/index.php\/wp-json\/wp\/v2\/pages\/24\/revisions"}],"predecessor-version":[{"id":29,"href":"https:\/\/rapude.fi\/index.php\/wp-json\/wp\/v2\/pages\/24\/revisions\/29"}],"wp:attachment":[{"href":"https:\/\/rapude.fi\/index.php\/wp-json\/wp\/v2\/media?parent=24"}],"curies":[{"name":"wp","href":"https:\/\/api.w.org\/{rel}","templated":true}]}}